{"id":6351,"date":"2023-01-10T11:39:07","date_gmt":"2023-01-10T11:39:07","guid":{"rendered":"https:\/\/youarethebrand.ca\/why-castle\/"},"modified":"2023-02-24T15:15:35","modified_gmt":"2023-02-24T15:15:35","slug":"pourquoi-castle","status":"publish","type":"page","link":"https:\/\/youarethebrand.ca\/fr\/pourquoi-castle\/","title":{"rendered":"Pourquoi Castle"},"content":{"rendered":"\t\t<div data-elementor-type=\"wp-page\" data-elementor-id=\"6351\" class=\"elementor elementor-6351\">\n\t\t\t\t\t\t<section class=\"elementor-section elementor-top-section elementor-element elementor-element-8b5c613 elementor-section-boxed elementor-section-height-default elementor-section-height-default\" data-id=\"8b5c613\" data-element_type=\"section\">\n\t\t\t\t\t\t<div class=\"elementor-container elementor-column-gap-default\">\n\t\t\t\t\t<div class=\"elementor-column elementor-col-100 elementor-top-column elementor-element elementor-element-c261cd7 ot-flex-column-vertical\" data-id=\"c261cd7\" data-element_type=\"column\">\n\t\t\t<div class=\"elementor-widget-wrap elementor-element-populated\">\n\t\t\t\t\t\t<div class=\"elementor-element elementor-element-b0950ac theratio-align-center elementor-widget elementor-widget-iheading\" data-id=\"b0950ac\" data-element_type=\"widget\" data-widget_type=\"iheading.default\">\n\t\t\t\t<div class=\"elementor-widget-container\">\n\t\t\t\t\t\t\t<div class=\"ot-heading is-dots\">\r\n\t        \t        <h2 class=\"main-heading\">Pourquoi Castle<\/h2>\r\n\t        \t    <\/div>\r\n\t    \t\t\t\t<\/div>\n\t\t\t\t<\/div>\n\t\t\t\t<div class=\"elementor-element elementor-element-121abe3 elementor-widget elementor-widget-iiconbox1\" data-id=\"121abe3\" data-element_type=\"widget\" data-widget_type=\"iiconbox1.default\">\n\t\t\t\t<div class=\"elementor-widget-container\">\n\t\t\t\t\t\t\t<div class=\"icon-box icon-box--bg-img icon-box--icon-top \">\r\n\t\t\t<div class=\"icon-main\">\r\n\t\t        \t\t\t    <img fetchpriority=\"high\" decoding=\"async\" width=\"1858\" height=\"834\" src=\"https:\/\/youarethebrand.ca\/wp-content\/uploads\/2023\/01\/castle-buying-program.jpg\" class=\"attachment-full size-full wp-image-5644\" alt=\"\" srcset=\"https:\/\/youarethebrand.ca\/wp-content\/uploads\/2023\/01\/castle-buying-program.jpg 1858w, https:\/\/youarethebrand.ca\/wp-content\/uploads\/2023\/01\/castle-buying-program-300x135.jpg 300w, https:\/\/youarethebrand.ca\/wp-content\/uploads\/2023\/01\/castle-buying-program-1024x460.jpg 1024w, https:\/\/youarethebrand.ca\/wp-content\/uploads\/2023\/01\/castle-buying-program-768x345.jpg 768w, https:\/\/youarethebrand.ca\/wp-content\/uploads\/2023\/01\/castle-buying-program-1536x689.jpg 1536w\" sizes=\"(max-width: 1858px) 100vw, 1858px\" \/>\t\t        \t        <\/div>\r\n\t        <div class=\"content-box\">\r\n\t\t        <h5><a href=\"https:\/\/youarethebrand.ca\/fr\/pourquoi-castle\/programme-dachat\/hardware-solution-affiliations\/\">Programme d\u2019achat de Castle<\/a><\/h5>\r\n\t\t        <p>Castle est fier de s\u2019associer aux fabricants et aux distributeurs les plus r\u00e9put\u00e9s du secteur. Nous avons d\u00e9velopp\u00e9 de solides partenariats avec les fournisseurs et, par cons\u00e9quent, les membres Castle peuvent tirer parti de plus de 450 ententes d\u2019achat dans toutes les cat\u00e9gories de bois, de mat\u00e9riaux de construction et de quincaillerie.<\/p>\r\n\t\t\t<\/div>\r\n\t\t\t\t        \t<div class=\"link-box\">\r\n\t        \t\t<a href=\"https:\/\/youarethebrand.ca\/fr\/pourquoi-castle\/programme-dachat\/hardware-solution-affiliations\/\" class=\"btn-details\">Lire plus<\/a>\r\n\t        \t<\/div>\r\n\t        \t\r\n\t    <\/div>\r\n\t    \t\t\t\t<\/div>\n\t\t\t\t<\/div>\n\t\t\t\t<div class=\"elementor-element elementor-element-6dd96c4 elementor-widget elementor-widget-iiconbox1\" data-id=\"6dd96c4\" data-element_type=\"widget\" data-widget_type=\"iiconbox1.default\">\n\t\t\t\t<div class=\"elementor-widget-container\">\n\t\t\t\t\t\t\t<div class=\"icon-box icon-box--bg-img icon-box--icon-top \">\r\n\t\t\t<div class=\"icon-main\">\r\n\t\t        \t\t\t    <img decoding=\"async\" width=\"1858\" height=\"834\" src=\"https:\/\/youarethebrand.ca\/wp-content\/uploads\/2023\/01\/success-programs.jpg\" class=\"attachment-full size-full wp-image-5661\" alt=\"\" srcset=\"https:\/\/youarethebrand.ca\/wp-content\/uploads\/2023\/01\/success-programs.jpg 1858w, https:\/\/youarethebrand.ca\/wp-content\/uploads\/2023\/01\/success-programs-300x135.jpg 300w, https:\/\/youarethebrand.ca\/wp-content\/uploads\/2023\/01\/success-programs-1024x460.jpg 1024w, https:\/\/youarethebrand.ca\/wp-content\/uploads\/2023\/01\/success-programs-768x345.jpg 768w, https:\/\/youarethebrand.ca\/wp-content\/uploads\/2023\/01\/success-programs-1536x689.jpg 1536w\" sizes=\"(max-width: 1858px) 100vw, 1858px\" \/>\t\t        \t        <\/div>\r\n\t        <div class=\"content-box\">\r\n\t\t        <h5><a href=\"https:\/\/youarethebrand.ca\/fr\/pourquoi-castle\/programmes-de-reussite\/services-de-soutien-aux-entreprises\/\">Programmes de r\u00e9ussite<\/a><\/h5>\r\n\t\t        <p>Votre succ\u00e8s est notre priorit\u00e9! Facultatifs, les programmes pour la r\u00e9ussite CastleCare permettent \u00e0 nos membres de profiter librement d\u2019une gamme compl\u00e8te d\u2019entente exclusives avec une grande vari\u00e9t\u00e9 de partenaires d\u2019affaires. Les programmes sont con\u00e7us de mani\u00e8re \u00e0 minimiser les co\u00fbts pour l\u2019entreprise et \u00e0 maximiser les avantages, notamment pour les employ\u00e9s. En r\u00e9duisant leurs frais d\u2019exploitation, les membres Castle peuvent accro\u00eetre leurs marges de profit, investir dans leur entreprise et am\u00e9liorer leurs relations avec les clients.<\/p>\r\n\t\t\t<\/div>\r\n\t\t\t\t        \t<div class=\"link-box\">\r\n\t        \t\t<a href=\"https:\/\/youarethebrand.ca\/fr\/pourquoi-castle\/programmes-de-reussite\/services-de-soutien-aux-entreprises\/\" class=\"btn-details\">Lire plus<\/a>\r\n\t        \t<\/div>\r\n\t        \t\r\n\t    <\/div>\r\n\t    \t\t\t\t<\/div>\n\t\t\t\t<\/div>\n\t\t\t\t<div class=\"elementor-element elementor-element-7dc5e0a elementor-widget elementor-widget-iiconbox1\" data-id=\"7dc5e0a\" data-element_type=\"widget\" data-widget_type=\"iiconbox1.default\">\n\t\t\t\t<div class=\"elementor-widget-container\">\n\t\t\t\t\t\t\t<div class=\"icon-box icon-box--bg-img icon-box--icon-top \">\r\n\t\t\t<div class=\"icon-main\">\r\n\t\t        \t\t\t    <img decoding=\"async\" width=\"2560\" height=\"1053\" src=\"https:\/\/youarethebrand.ca\/wp-content\/uploads\/2023\/02\/Castle-Technology-Header-v2-scaled.jpg\" class=\"attachment-full size-full wp-image-7178\" alt=\"\" srcset=\"https:\/\/youarethebrand.ca\/wp-content\/uploads\/2023\/02\/Castle-Technology-Header-v2-scaled.jpg 2560w, https:\/\/youarethebrand.ca\/wp-content\/uploads\/2023\/02\/Castle-Technology-Header-v2-300x123.jpg 300w, https:\/\/youarethebrand.ca\/wp-content\/uploads\/2023\/02\/Castle-Technology-Header-v2-1024x421.jpg 1024w, https:\/\/youarethebrand.ca\/wp-content\/uploads\/2023\/02\/Castle-Technology-Header-v2-768x316.jpg 768w, https:\/\/youarethebrand.ca\/wp-content\/uploads\/2023\/02\/Castle-Technology-Header-v2-1536x632.jpg 1536w, https:\/\/youarethebrand.ca\/wp-content\/uploads\/2023\/02\/Castle-Technology-Header-v2-2048x842.jpg 2048w\" sizes=\"(max-width: 2560px) 100vw, 2560px\" \/>\t\t        \t        <\/div>\r\n\t        <div class=\"content-box\">\r\n\t\t        <h5><a href=\"https:\/\/youarethebrand.ca\/fr\/pourquoi-castle\/castle-technology-2\/castlecore-member-account-portal\/\">Technologie de Castle<\/a><\/h5>\r\n\t\t        <p>La technologie est un moteur pour Castle. Ses membres profitent d\u2019ailleurs d\u2019outils technologiques in\u00e9gal\u00e9s dans l\u2019industrie. Que ce soit \u00e0 l\u2019aide de son portail d\u2019avant-garde pour les membres ou des nouveaux programmes novateurs que son \u00e9quipe cr\u00e9e constamment, Castle vous aidera \u00e0 propulser votre entreprise vers de nouveaux horizons.<\/p>\r\n\t\t\t<\/div>\r\n\t\t\t\t        \t<div class=\"link-box\">\r\n\t        \t\t<a href=\"https:\/\/youarethebrand.ca\/fr\/pourquoi-castle\/castle-technology-2\/castlecore-member-account-portal\/\" class=\"btn-details\">Lire plus<\/a>\r\n\t        \t<\/div>\r\n\t        \t\r\n\t    <\/div>\r\n\t    \t\t\t\t<\/div>\n\t\t\t\t<\/div>\n\t\t\t\t<div class=\"elementor-element elementor-element-7b36b45 elementor-widget elementor-widget-iiconbox1\" data-id=\"7b36b45\" data-element_type=\"widget\" data-widget_type=\"iiconbox1.default\">\n\t\t\t\t<div class=\"elementor-widget-container\">\n\t\t\t\t\t\t\t<div class=\"icon-box icon-box--bg-img icon-box--icon-top \">\r\n\t\t\t<div class=\"icon-main\">\r\n\t\t        \t\t\t    <img loading=\"lazy\" decoding=\"async\" width=\"1858\" height=\"834\" src=\"https:\/\/youarethebrand.ca\/wp-content\/uploads\/2023\/01\/castle-marketing.jpg\" class=\"attachment-full size-full wp-image-5664\" alt=\"\" srcset=\"https:\/\/youarethebrand.ca\/wp-content\/uploads\/2023\/01\/castle-marketing.jpg 1858w, https:\/\/youarethebrand.ca\/wp-content\/uploads\/2023\/01\/castle-marketing-300x135.jpg 300w, https:\/\/youarethebrand.ca\/wp-content\/uploads\/2023\/01\/castle-marketing-1024x460.jpg 1024w, https:\/\/youarethebrand.ca\/wp-content\/uploads\/2023\/01\/castle-marketing-768x345.jpg 768w, https:\/\/youarethebrand.ca\/wp-content\/uploads\/2023\/01\/castle-marketing-1536x689.jpg 1536w\" sizes=\"(max-width: 1858px) 100vw, 1858px\" \/>\t\t        \t        <\/div>\r\n\t        <div class=\"content-box\">\r\n\t\t        <h5><a href=\"https:\/\/youarethebrand.ca\/fr\/pourquoi-castle\/castle-marketing\/publications\/\">Marketing et publicit\u00e9 Castle<\/a><\/h5>\r\n\t\t        <p>Castle r\u00e9pond \u00e0 tous vos besoins de marketing sans vider votre portefeuille. Il vous propose des programmes de marketing complets et plusieurs options de promotion parmi lesquels vous pouvez choisir en fonction de vos exigences d\u2019affaires.<\/p>\r\n\t\t\t<\/div>\r\n\t\t\t\t        \t<div class=\"link-box\">\r\n\t        \t\t<a href=\"https:\/\/youarethebrand.ca\/fr\/pourquoi-castle\/castle-marketing\/publications\/\" class=\"btn-details\">Lire plus<\/a>\r\n\t        \t<\/div>\r\n\t        \t\r\n\t    <\/div>\r\n\t    \t\t\t\t<\/div>\n\t\t\t\t<\/div>\n\t\t\t\t\t<\/div>\n\t\t<\/div>\n\t\t\t\t\t<\/div>\n\t\t<\/section>\n\t\t\t\t<section class=\"elementor-section elementor-top-section elementor-element elementor-element-fd811ab elementor-section-boxed elementor-section-height-default elementor-section-height-default\" data-id=\"fd811ab\" data-element_type=\"section\">\n\t\t\t\t\t\t<div class=\"elementor-container elementor-column-gap-default\">\n\t\t\t\t\t<div class=\"elementor-column elementor-col-100 elementor-top-column elementor-element elementor-element-2ed0867 ot-flex-column-vertical\" data-id=\"2ed0867\" data-element_type=\"column\">\n\t\t\t<div class=\"elementor-widget-wrap elementor-element-populated\">\n\t\t\t\t\t\t<div class=\"elementor-element elementor-element-3c4d26b elementor-widget elementor-widget-html\" data-id=\"3c4d26b\" data-element_type=\"widget\" data-widget_type=\"html.default\">\n\t\t\t\t<div class=\"elementor-widget-container\">\n\t\t\t\t\t<style>\n.dcell {\n\tbackground-color: rgba(0,0,0,0.5);\n}\n<\/style>\t\t\t\t<\/div>\n\t\t\t\t<\/div>\n\t\t\t\t\t<\/div>\n\t\t<\/div>\n\t\t\t\t\t<\/div>\n\t\t<\/section>\n\t\t\t\t<\/div>\n\t\t","protected":false},"excerpt":{"rendered":"<p>Pourquoi Castle Programme d\u2019achat de Castle Castle est fier de s\u2019associer aux fabricants et aux distributeurs les plus r\u00e9put\u00e9s du secteur. Nous avons d\u00e9velopp\u00e9 de solides partenariats avec les fournisseurs et, par cons\u00e9quent, les membres Castle peuvent tirer parti de plus de 450 ententes d\u2019achat dans toutes les cat\u00e9gories de bois, de mat\u00e9riaux de construction [&hellip;]<\/p>\n","protected":false},"author":1,"featured_media":0,"parent":0,"menu_order":0,"comment_status":"closed","ping_status":"closed","template":"","meta":{"footnotes":""},"class_list":["post-6351","page","type-page","status-publish","hentry"],"_links":{"self":[{"href":"https:\/\/youarethebrand.ca\/fr\/wp-json\/wp\/v2\/pages\/6351","targetHints":{"allow":["GET"]}}],"collection":[{"href":"https:\/\/youarethebrand.ca\/fr\/wp-json\/wp\/v2\/pages"}],"about":[{"href":"https:\/\/youarethebrand.ca\/fr\/wp-json\/wp\/v2\/types\/page"}],"author":[{"embeddable":true,"href":"https:\/\/youarethebrand.ca\/fr\/wp-json\/wp\/v2\/users\/1"}],"replies":[{"embeddable":true,"href":"https:\/\/youarethebrand.ca\/fr\/wp-json\/wp\/v2\/comments?post=6351"}],"version-history":[{"count":37,"href":"https:\/\/youarethebrand.ca\/fr\/wp-json\/wp\/v2\/pages\/6351\/revisions"}],"predecessor-version":[{"id":7542,"href":"https:\/\/youarethebrand.ca\/fr\/wp-json\/wp\/v2\/pages\/6351\/revisions\/7542"}],"wp:attachment":[{"href":"https:\/\/youarethebrand.ca\/fr\/wp-json\/wp\/v2\/media?parent=6351"}],"curies":[{"name":"wp","href":"https:\/\/api.w.org\/{rel}","templated":true}]}}