{"id":6490,"date":"2023-01-10T11:40:00","date_gmt":"2023-01-10T11:40:00","guid":{"rendered":"https:\/\/youarethebrand.ca\/castle-culture\/"},"modified":"2023-02-24T14:58:19","modified_gmt":"2023-02-24T14:58:19","slug":"culture-de-castle","status":"publish","type":"page","link":"https:\/\/youarethebrand.ca\/fr\/culture-de-castle\/","title":{"rendered":"Culture de Castle"},"content":{"rendered":"\t\t<div data-elementor-type=\"wp-page\" data-elementor-id=\"6490\" class=\"elementor elementor-6490\">\n\t\t\t\t\t\t<section class=\"elementor-section elementor-top-section elementor-element elementor-element-e995184 elementor-section-boxed elementor-section-height-default elementor-section-height-default\" data-id=\"e995184\" data-element_type=\"section\" data-settings=\"{&quot;background_background&quot;:&quot;classic&quot;}\">\n\t\t\t\t\t\t<div class=\"elementor-container elementor-column-gap-default\">\n\t\t\t\t\t<div class=\"elementor-column elementor-col-50 elementor-top-column elementor-element elementor-element-3f2d3c6 ot-flex-column-vertical\" data-id=\"3f2d3c6\" data-element_type=\"column\">\n\t\t\t<div class=\"elementor-widget-wrap elementor-element-populated\">\n\t\t\t\t\t\t<div class=\"elementor-element elementor-element-05f2009 elementor-widget elementor-widget-iheading\" data-id=\"05f2009\" data-element_type=\"widget\" data-widget_type=\"iheading.default\">\n\t\t\t\t<div class=\"elementor-widget-container\">\n\t\t\t\t\t\t\t<div class=\"ot-heading is-dots\">\r\n\t        \t        <h2 class=\"main-heading\">La communaut\u00e9 Castle<\/h2>\r\n\t        \t    <\/div>\r\n\t    \t\t\t\t<\/div>\n\t\t\t\t<\/div>\n\t\t\t\t<div class=\"elementor-element elementor-element-9dbd917 elementor-widget elementor-widget-text-editor\" data-id=\"9dbd917\" data-element_type=\"widget\" data-widget_type=\"text-editor.default\">\n\t\t\t\t<div class=\"elementor-widget-container\">\n\t\t\t\t\t\t\t\t\t<p>Castle est une communaut\u00e9. Nous valorisons nos relations et partageons des objectifs communs avec nos plus 300 magasins membres au Canada. C\u2019est notre responsabilit\u00e9 d\u2019entreprise. Nos membres entretiennent des liens solides avec les collectivit\u00e9s qu\u2019ils desservent. Lisez-en plus sur ce qui se passe dans leurs diff\u00e9rentes localit\u00e9s.<\/p><p>D\u00e9couvrez quelques-uns de leurs excellents r\u00e9cits locaux.<\/p>\t\t\t\t\t\t\t\t<\/div>\n\t\t\t\t<\/div>\n\t\t\t\t<div class=\"elementor-element elementor-element-f8fe536 elementor-widget elementor-widget-ibutton\" data-id=\"f8fe536\" data-element_type=\"widget\" data-widget_type=\"ibutton.default\">\n\t\t\t\t<div class=\"elementor-widget-container\">\n\t\t\t\t\t\t\t<div class=\"ot-button\">\r\n\t\t\t<a href=\"https:\/\/castle.ca\/community\/\" target=\"_blank\" class=\"octf-btn octf-btn-dark\">Lire plus<\/a>\r\n\t    <\/div>\r\n\t    \t\t\t\t<\/div>\n\t\t\t\t<\/div>\n\t\t\t\t\t<\/div>\n\t\t<\/div>\n\t\t\t\t<div class=\"elementor-column elementor-col-50 elementor-top-column elementor-element elementor-element-afdbc06 ot-flex-column-vertical\" data-id=\"afdbc06\" data-element_type=\"column\">\n\t\t\t<div class=\"elementor-widget-wrap elementor-element-populated\">\n\t\t\t\t\t\t<section class=\"elementor-section elementor-inner-section elementor-element elementor-element-a5527c3 elementor-section-boxed elementor-section-height-default elementor-section-height-default\" data-id=\"a5527c3\" data-element_type=\"section\">\n\t\t\t\t\t\t<div class=\"elementor-container elementor-column-gap-default\">\n\t\t\t\t\t<div class=\"elementor-column elementor-col-100 elementor-inner-column elementor-element elementor-element-b424ae1 ot-flex-column-vertical\" data-id=\"b424ae1\" data-element_type=\"column\">\n\t\t\t<div class=\"elementor-widget-wrap elementor-element-populated\">\n\t\t\t\t\t\t<div class=\"elementor-element elementor-element-5dc2b10 elementor-widget elementor-widget-caslteCommunity\" data-id=\"5dc2b10\" data-element_type=\"widget\" data-widget_type=\"caslteCommunity.default\">\n\t\t\t\t<div class=\"elementor-widget-container\">\n\t\t\t\t\t        \t\t\n        \n\t    \t\t\t\t<\/div>\n\t\t\t\t<\/div>\n\t\t\t\t\t<\/div>\n\t\t<\/div>\n\t\t\t\t\t<\/div>\n\t\t<\/section>\n\t\t\t\t\t<\/div>\n\t\t<\/div>\n\t\t\t\t\t<\/div>\n\t\t<\/section>\n\t\t\t\t<section class=\"elementor-section elementor-top-section elementor-element elementor-element-3361dd0 elementor-section-boxed elementor-section-height-default elementor-section-height-default\" data-id=\"3361dd0\" data-element_type=\"section\">\n\t\t\t\t\t\t<div class=\"elementor-container elementor-column-gap-default\">\n\t\t\t\t\t<div class=\"elementor-column elementor-col-100 elementor-top-column elementor-element elementor-element-afabe7f ot-flex-column-vertical\" data-id=\"afabe7f\" data-element_type=\"column\">\n\t\t\t<div class=\"elementor-widget-wrap elementor-element-populated\">\n\t\t\t\t\t\t<div class=\"elementor-element elementor-element-80096c3 theratio-align-center elementor-widget elementor-widget-iheading\" data-id=\"80096c3\" data-element_type=\"widget\" data-widget_type=\"iheading.default\">\n\t\t\t\t<div class=\"elementor-widget-container\">\n\t\t\t\t\t\t\t<div class=\"ot-heading is-dots\">\r\n\t        \t        <h2 class=\"main-heading\">Histoires de r\u00e9ussite<\/h2>\r\n\t        \t    <\/div>\r\n\t    \t\t\t\t<\/div>\n\t\t\t\t<\/div>\n\t\t\t\t\t<\/div>\n\t\t<\/div>\n\t\t\t\t\t<\/div>\n\t\t<\/section>\n\t\t\t\t<section class=\"elementor-section elementor-top-section elementor-element elementor-element-f8cee43 elementor-section-boxed elementor-section-height-default elementor-section-height-default\" data-id=\"f8cee43\" data-element_type=\"section\" data-settings=\"{&quot;background_background&quot;:&quot;classic&quot;}\">\n\t\t\t\t\t\t<div class=\"elementor-container elementor-column-gap-default\">\n\t\t\t\t\t<div class=\"elementor-column elementor-col-100 elementor-top-column elementor-element elementor-element-995a546 ot-flex-column-vertical\" data-id=\"995a546\" data-element_type=\"column\">\n\t\t\t<div class=\"elementor-widget-wrap elementor-element-populated\">\n\t\t\t\t\t\t<section class=\"elementor-section elementor-inner-section elementor-element elementor-element-a866c79 elementor-section-full_width elementor-section-height-default elementor-section-height-default\" data-id=\"a866c79\" data-element_type=\"section\">\n\t\t\t\t\t\t<div class=\"elementor-container elementor-column-gap-extended\">\n\t\t\t\t\t<div class=\"elementor-column elementor-col-50 elementor-inner-column elementor-element elementor-element-1569084 ot-flex-column-vertical\" data-id=\"1569084\" data-element_type=\"column\">\n\t\t\t<div class=\"elementor-widget-wrap elementor-element-populated\">\n\t\t\t\t\t\t<div class=\"elementor-element elementor-element-b982620 elementor-widget elementor-widget-iheading\" data-id=\"b982620\" data-element_type=\"widget\" data-widget_type=\"iheading.default\">\n\t\t\t\t<div class=\"elementor-widget-container\">\n\t\t\t\t\t\t\t<div class=\"ot-heading is-dots\">\r\n\t        \t        <h2 class=\"main-heading\">Nouvelles de Castle<\/h2>\r\n\t        \t    <\/div>\r\n\t    \t\t\t\t<\/div>\n\t\t\t\t<\/div>\n\t\t\t\t\t<\/div>\n\t\t<\/div>\n\t\t\t\t<div class=\"elementor-column elementor-col-50 elementor-inner-column elementor-element elementor-element-e1d0069 ot-flex-column-vertical\" data-id=\"e1d0069\" data-element_type=\"column\">\n\t\t\t<div class=\"elementor-widget-wrap elementor-element-populated\">\n\t\t\t\t\t\t<div class=\"elementor-element elementor-element-df2ee10 elementor-align-right elementor-mobile-align-left elementor-widget elementor-widget-ibutton\" data-id=\"df2ee10\" data-element_type=\"widget\" data-widget_type=\"ibutton.default\">\n\t\t\t\t<div class=\"elementor-widget-container\">\n\t\t\t\t\t\t\t<div class=\"ot-button\">\r\n\t\t\t<a href=\"https:\/\/castle.ca\/fr\/press\/\" target=\"_blank\" class=\"octf-btn octf-btn-dark\">VOIR TOUT<\/a>\r\n\t    <\/div>\r\n\t    \t\t\t\t<\/div>\n\t\t\t\t<\/div>\n\t\t\t\t\t<\/div>\n\t\t<\/div>\n\t\t\t\t\t<\/div>\n\t\t<\/section>\n\t\t\t\t<section class=\"elementor-section elementor-inner-section elementor-element elementor-element-416d40f elementor-section-full_width elementor-section-height-default elementor-section-height-default\" data-id=\"416d40f\" data-element_type=\"section\">\n\t\t\t\t\t\t<div class=\"elementor-container elementor-column-gap-default\">\n\t\t\t\t\t<div class=\"elementor-column elementor-col-100 elementor-inner-column elementor-element elementor-element-2827676 ot-flex-column-vertical\" data-id=\"2827676\" data-element_type=\"column\">\n\t\t\t<div class=\"elementor-widget-wrap elementor-element-populated\">\n\t\t\t\t\t\t<div class=\"elementor-element elementor-element-129976c elementor-widget elementor-widget-ipost_grid\" data-id=\"129976c\" data-element_type=\"widget\" data-widget_type=\"ipost_grid.default\">\n\t\t\t\t<div class=\"elementor-widget-container\">\n\t\t\t\t\t\t\t<div class=\"blog-grid pf_3_cols v-light\">\r\n        \t\t    <\/div>\r\n\t    \t    \r\n\t\t\t\t\t\t<\/div>\n\t\t\t\t<\/div>\n\t\t\t\t<div class=\"elementor-element elementor-element-29aa3a0 elementor-widget elementor-widget-itestimonials\" data-id=\"29aa3a0\" data-element_type=\"widget\" data-widget_type=\"itestimonials.default\">\n\t\t\t\t<div class=\"elementor-widget-container\">\n\t\t\t\t\t\r\n\t\t<div class=\"ot-testimonials v-light\">\t\t\t\t\t\t\r\n\t\t\t\r\n\t\t\t<div class=\"testimonial-inner ot-testimonials-slider-s1 swiper-container\" data-slider_options=\"{&quot;slides_show_desktop&quot;:3,&quot;slides_show_tablet&quot;:2,&quot;slides_show_mobile&quot;:1,&quot;slides_scroll_desktop&quot;:3,&quot;slides_scroll_tablet&quot;:2,&quot;slides_scroll_mobile&quot;:1,&quot;arrows&quot;:false,&quot;dots&quot;:true}\"  >\r\n\t\t\t\t<div class=\"swiper-wrapper\">\r\n\t\t\t\t\t\t\t\t\t<div class=\"swiper-slide\">\r\n\t\t\t\t\t\t<div class=\"testi-item\">\r\n\t\t\t\t\t        <div class=\"ttext\">\r\n\t\t\t\t\t        \t<div class=\"layer-behind\"><\/div>\r\n\t\t\t\t\t        \t<span><\/span>\r\n\t\t\t\t\t        \t\u00ab Nous voulions nous assurer que nos profits nous reviendraient et ne seraient pas conserv\u00e9s par une autre entreprise. Apr\u00e8s avoir achet\u00e9 une autre cour \u00e0 bois et transf\u00e9r\u00e9 nos achats chez Castle, nous avons constat\u00e9 que les remises et profits qui nous revenaient avaient tripl\u00e9 en un an. \u00bb\t\t\t\t\t        <\/div>\r\n\t\t\t\t\t        <div class=\"t-head flex-middle\">\r\n\t\t\t\t\t\t\t\t\t\t\t\t\t        \t<div class=\"tinfo\">\r\n\t\t\t\t\t        \t\t<h6>Leigh Wilson<\/h6>\r\n\t\t\t\t\t        \t\t<span>WOOD COUNTRY BUILDING SERVICES lt\u00e9e<br\/>Saskatchewan<\/span>\t\t\t\t\t        \t<\/div>\r\n\t\t\t\t        \t<\/div>\r\n\t\t\t        \t<\/div>\r\n\t\t\t\t\t<\/div>\r\n\t\t\t\t\t\t\t\t\t<div class=\"swiper-slide\">\r\n\t\t\t\t\t\t<div class=\"testi-item\">\r\n\t\t\t\t\t        <div class=\"ttext\">\r\n\t\t\t\t\t        \t<div class=\"layer-behind\"><\/div>\r\n\t\t\t\t\t        \t<span><\/span>\r\n\t\t\t\t\t        \t\u00ab L\u2019\u00e9quipe du si\u00e8ge social de Castle est tr\u00e8s efficace. L\u2019\u00e9quipe du si\u00e8ge social de Castle est tr\u00e8s efficace. En tant que commer\u00e7ants ind\u00e9pendants, nous avons toute l\u2019information et tout le soutien dont nous avons besoin pour r\u00e9ussir. \u00bb\t\t\t\t\t        <\/div>\r\n\t\t\t\t\t        <div class=\"t-head flex-middle\">\r\n\t\t\t\t\t\t\t\t\t\t\t\t\t        \t<div class=\"tinfo\">\r\n\t\t\t\t\t        \t\t<h6>Lorna Sargent<\/h6>\r\n\t\t\t\t\t        \t\t<span>NOTRE DAME CASTLE<br\/>Terre-Neuve-et-Labrador<\/span>\t\t\t\t\t        \t<\/div>\r\n\t\t\t\t        \t<\/div>\r\n\t\t\t        \t<\/div>\r\n\t\t\t\t\t<\/div>\r\n\t\t\t\t\t\t\t\t\t<div class=\"swiper-slide\">\r\n\t\t\t\t\t\t<div class=\"testi-item\">\r\n\t\t\t\t\t        <div class=\"ttext\">\r\n\t\t\t\t\t        \t<div class=\"layer-behind\"><\/div>\r\n\t\t\t\t\t        \t<span><\/span>\r\n\t\t\t\t\t        \t\u00ab L\u2019ann\u00e9e o\u00f9 je suis pass\u00e9e \u00e0 Castle, j\u2019ai pu faire cro\u00eetre mon entreprise de plus de 20 %. L\u2019ann\u00e9e o\u00f9 je suis pass\u00e9e \u00e0 Castle, j\u2019ai pu faire cro\u00eetre mon entreprise de plus de 20 %. Je suis folle de joie! J\u2019ai beaucoup de concurrence locale. Je sais maintenant que je peux y faire face et offrir \u00e0 mes clients les meilleurs produits au meilleur prix. \u00bb\t\t\t\t\t        <\/div>\r\n\t\t\t\t\t        <div class=\"t-head flex-middle\">\r\n\t\t\t\t\t\t\t\t\t\t\t\t\t        \t<div class=\"tinfo\">\r\n\t\t\t\t\t        \t\t<h6>Nathalie Basque<\/h6>\r\n\t\t\t\t\t        \t\t<span>Suamarez Quincailleire lt\u00e9e<br\/>Nouveau-Brunswick<\/span>\t\t\t\t\t        \t<\/div>\r\n\t\t\t\t        \t<\/div>\r\n\t\t\t        \t<\/div>\r\n\t\t\t\t\t<\/div>\r\n\t\t\t\t\t\t\t\t\t<div class=\"swiper-slide\">\r\n\t\t\t\t\t\t<div class=\"testi-item\">\r\n\t\t\t\t\t        <div class=\"ttext\">\r\n\t\t\t\t\t        \t<div class=\"layer-behind\"><\/div>\r\n\t\t\t\t\t        \t<span><\/span>\r\n\t\t\t\t\t        \t\u00ab En 5 ans, notre \u00e9quipe est pass\u00e9e de 8 \u00e0 23 membres. En 5 ans, notre \u00e9quipe est pass\u00e9e de 8 \u00e0 23 membres. Les connaissances de Castle dans l\u2019industrie permettent \u00e0 notre entreprise familiale, qui existe depuis 80 ans, de prendre de l\u2019expansion. \u00bb\t\t\t\t\t        <\/div>\r\n\t\t\t\t\t        <div class=\"t-head flex-middle\">\r\n\t\t\t\t\t\t\t\t\t\t\t\t\t        \t<div class=\"tinfo\">\r\n\t\t\t\t\t        \t\t<h6>Keven Robin<\/h6>\r\n\t\t\t\t\t        \t\t<span>Brisson Castle Building Centre<br\/>Ontario<\/span>\t\t\t\t\t        \t<\/div>\r\n\t\t\t\t        \t<\/div>\r\n\t\t\t        \t<\/div>\r\n\t\t\t\t\t<\/div>\r\n\t\t\t\t\t\t\t\t\t<div class=\"swiper-slide\">\r\n\t\t\t\t\t\t<div class=\"testi-item\">\r\n\t\t\t\t\t        <div class=\"ttext\">\r\n\t\t\t\t\t        \t<div class=\"layer-behind\"><\/div>\r\n\t\t\t\t\t        \t<span><\/span>\r\n\t\t\t\t\t        \t<p>\u00ab Nous sommes \u00e0 mi-chemin de notre objectif. Le but \u00e9tait de doubler nos ventes en cinq ans. Nous sommes \u00e0 mi-chemin de notre objectif. Le but \u00e9tait de doubler nos ventes en cinq ans. Avec l\u2019aide de Castle, nous nous d\u00e9veloppons comme nous voulons, puisque nous sommes libres de faire ce que nous voulons. \u00bb<\/p>\n<p><a href='https:\/\/www.youtube.com\/watch?v=9dtETnw5vnA)' target='_blank'>Visionner la vid\u00e9o<\/a><\/p>\t\t\t\t\t        <\/div>\r\n\t\t\t\t\t        <div class=\"t-head flex-middle\">\r\n\t\t\t\t\t\t\t\t\t\t\t\t\t        \t<div class=\"tinfo\">\r\n\t\t\t\t\t        \t\t<h6>Trevor Ronchin<\/h6>\r\n\t\t\t\t\t        \t\t<span>Pinehill Lumber<br\/>Ontario<\/span>\t\t\t\t\t        \t<\/div>\r\n\t\t\t\t        \t<\/div>\r\n\t\t\t        \t<\/div>\r\n\t\t\t\t\t<\/div>\r\n\t\t\t\t\t\t\t\t\t<div class=\"swiper-slide\">\r\n\t\t\t\t\t\t<div class=\"testi-item\">\r\n\t\t\t\t\t        <div class=\"ttext\">\r\n\t\t\t\t\t        \t<div class=\"layer-behind\"><\/div>\r\n\t\t\t\t\t        \t<span><\/span>\r\n\t\t\t\t\t        \t<p>\u00ab Nos ventes vont doubler d\u2019ici un an ou deux. Nos ventes vont doubler d\u2019ici un an ou deux. Tous nos b\u00e9n\u00e9fices nous reviennent, et nous pouvons tirer profit du pouvoir de Castle quand nous en avons besoin. \u00bb<\/p>\n<p><a href='https:\/\/www.youtube.com\/watch?v=YcQ5uO1gsJM)' target='_blank'>Visionner la vid\u00e9o<\/a><\/p>\t\t\t\t\t        <\/div>\r\n\t\t\t\t\t        <div class=\"t-head flex-middle\">\r\n\t\t\t\t\t\t\t\t\t\t\t\t\t        \t<div class=\"tinfo\">\r\n\t\t\t\t\t        \t\t<h6>PJ Power<\/h6>\r\n\t\t\t\t\t        \t\t<span>Power\u2019s Building Supplier<br\/>Terre-Neuve-et-Labrador<\/span>\t\t\t\t\t        \t<\/div>\r\n\t\t\t\t        \t<\/div>\r\n\t\t\t        \t<\/div>\r\n\t\t\t\t\t<\/div>\r\n\t\t\t\t\t\t\t\t<\/div>\r\n\r\n\t\t\t\t\t\t\t\t\t\t\t\t<!-- Add Dots -->\r\n\t\t\t\t<div class=\"octf-swiper-pagination\"><\/div>\r\n\t\t\t\t\t\t\t<\/div>\t\t\t\t\r\n\t    <\/div>\r\n\r\n\t    \t\t\t\t<\/div>\n\t\t\t\t<\/div>\n\t\t\t\t\t<\/div>\n\t\t<\/div>\n\t\t\t\t\t<\/div>\n\t\t<\/section>\n\t\t\t\t\t<\/div>\n\t\t<\/div>\n\t\t\t\t\t<\/div>\n\t\t<\/section>\n\t\t\t\t<\/div>\n\t\t","protected":false},"excerpt":{"rendered":"<p>La communaut\u00e9 Castle Castle est une communaut\u00e9. Nous valorisons nos relations et partageons des objectifs communs avec nos plus 300 magasins membres au Canada. C\u2019est notre responsabilit\u00e9 d\u2019entreprise. Nos membres entretiennent des liens solides avec les collectivit\u00e9s qu\u2019ils desservent. Lisez-en plus sur ce qui se passe dans leurs diff\u00e9rentes localit\u00e9s. D\u00e9couvrez quelques-uns de leurs excellents [&hellip;]<\/p>\n","protected":false},"author":1,"featured_media":0,"parent":0,"menu_order":0,"comment_status":"closed","ping_status":"closed","template":"","meta":{"footnotes":""},"class_list":["post-6490","page","type-page","status-publish","hentry"],"_links":{"self":[{"href":"https:\/\/youarethebrand.ca\/fr\/wp-json\/wp\/v2\/pages\/6490","targetHints":{"allow":["GET"]}}],"collection":[{"href":"https:\/\/youarethebrand.ca\/fr\/wp-json\/wp\/v2\/pages"}],"about":[{"href":"https:\/\/youarethebrand.ca\/fr\/wp-json\/wp\/v2\/types\/page"}],"author":[{"embeddable":true,"href":"https:\/\/youarethebrand.ca\/fr\/wp-json\/wp\/v2\/users\/1"}],"replies":[{"embeddable":true,"href":"https:\/\/youarethebrand.ca\/fr\/wp-json\/wp\/v2\/comments?post=6490"}],"version-history":[{"count":41,"href":"https:\/\/youarethebrand.ca\/fr\/wp-json\/wp\/v2\/pages\/6490\/revisions"}],"predecessor-version":[{"id":7538,"href":"https:\/\/youarethebrand.ca\/fr\/wp-json\/wp\/v2\/pages\/6490\/revisions\/7538"}],"wp:attachment":[{"href":"https:\/\/youarethebrand.ca\/fr\/wp-json\/wp\/v2\/media?parent=6490"}],"curies":[{"name":"wp","href":"https:\/\/api.w.org\/{rel}","templated":true}]}}